

{"id":3755,"date":"2015-11-23T16:20:10","date_gmt":"2015-11-23T16:20:10","guid":{"rendered":"http:\/\/localhost:10003\/fr\/?page_id=3755"},"modified":"2016-09-30T13:37:16","modified_gmt":"2016-09-30T13:37:16","slug":"tutoriels","status":"publish","type":"page","link":"https:\/\/app.racontr.com\/fr\/tutoriels\/","title":{"rendered":"tutoriels"},"content":{"rendered":"<p>[vc_row type=\u00a0\u00bbcolor\u00a0\u00bb bg_color=\u00a0\u00bb#e8e8e8&Prime; vertical_align=\u00a0\u00bbyes\u00a0\u00bb column_gap=\u00a0\u00bbno\u00a0\u00bb padding_top=\u00a0\u00bb\u00a0\u00bb margin_top=\u00a0\u00bb0&Prime; margin_bottom=\u00a0\u00bb0&Prime; min_height=\u00a0\u00bb220&Prime;][vc_column width=\u00a0\u00bb1\/2&Prime;][vc_empty_space height=\u00a0\u00bb70px\u00a0\u00bb][vc_column_text css=\u00a0\u00bb.vc_custom_1474458673527{margin-bottom: -10px !important;}\u00a0\u00bb]<\/p>\n<h1 style=\"text-align: left; color: #009cad;\">D\u00e9couvrez nos tutoriels<\/h1>\n<p>[\/vc_column_text][vc_column_text css=\u00a0\u00bb.vc_custom_1474458698794{margin-right: 5% !important;}\u00a0\u00bb]<\/p>\n<h3 style=\"text-align: left; color: #444444 !important;\">De nouvelles id\u00e9es pour vos projets sont ajout\u00e9es r\u00e9guli\u00e8rement !<\/h3>\n<p>[\/vc_column_text][vc_empty_space height=\u00a0\u00bb30px\u00a0\u00bb][\/vc_column][vc_column width=\u00a0\u00bb1\/2&Prime;][vc_empty_space height=\u00a0\u00bb90px\u00a0\u00bb][vc_column_text css=\u00a0\u00bb.vc_custom_1474458725022{margin-left: 5% !important;}\u00a0\u00bb]<\/p>\n<div id=\"contour\" style=\"background-color: transparent; padding: 20px; border: 1px solid #009cad;\">\n<p>Si vous le souhaitez, vous pouvez \u00e9galement t\u00e9l\u00e9charger <strong><a href=\"http:\/\/app.racontr.com\/wp-content\/uploads\/2015\/11\/fr_brochure-racontr1.pdf\" target=\"_blank\">notre petit manuel de route<\/a><\/strong> qui vous permettra de commencer votre premier projet tr\u00e8s sereinement !<br \/>\n<em>-&gt; <a href=\"http:\/\/app.racontr.com\/wp-content\/uploads\/2015\/11\/fr_brochure-racontr1.pdf\" target=\"_blank\">T\u00e9l\u00e9charger (clic droit, enregistrez-sous).<\/a><\/em><\/p>\n<\/div>\n<p>[\/vc_column_text][vc_empty_space height=\u00a0\u00bb30px\u00a0\u00bb][\/vc_column][\/vc_row][vc_row padding_top=\u00a0\u00bb0&Prime; padding_bottom=\u00a0\u00bb0&Prime;][vc_column][vc_single_image image=\u00a0\u00bb139&Prime; img_size=\u00a0\u00bbfull\u00a0\u00bb alignment=\u00a0\u00bbcenter\u00a0\u00bb][vc_empty_space height=\u00a0\u00bb40px\u00a0\u00bb][\/vc_column][\/vc_row][vc_row][vc_column][vc_basic_grid post_type=\u00a0\u00bbtutorials\u00a0\u00bb max_items=\u00a0\u00bb100&Prime; show_filter=\u00a0\u00bbyes\u00a0\u00bb element_width=\u00a0\u00bb3&Prime; initial_loading_animation=\u00a0\u00bbnone\u00a0\u00bb grid_id=\u00a0\u00bbvc_gid:1474458658514-c62a770e-41cd-10&Prime; taxonomies=\u00a0\u00bb40, 42, 41&Prime; filter_source=\u00a0\u00bbcategory\u00a0\u00bb][\/vc_column][\/vc_row][vc_row][vc_column][\/vc_column][\/vc_row]<\/p>\n","protected":false},"excerpt":{"rendered":"<p>[vc_row type=\u00a0\u00bbcolor\u00a0\u00bb bg_color=\u00a0\u00bb#e8e8e8&Prime; vertical_align=\u00a0\u00bbyes\u00a0\u00bb column_gap=\u00a0\u00bbno\u00a0\u00bb padding_top=\u00a0\u00bb\u00a0\u00bb margin_top=\u00a0\u00bb0&Prime; margin_bottom=\u00a0\u00bb0&Prime; min_height=\u00a0\u00bb220&Prime;][vc_column width=\u00a0\u00bb1\/2&Prime;][vc_empty_space height=\u00a0\u00bb70px\u00a0\u00bb][vc_column_text css=\u00a0\u00bb.vc_custom_1474458673527{margin-bottom: -10px !important;}\u00a0\u00bb] D\u00e9couvrez nos tutoriels [\/vc_column_text][vc_column_text css=\u00a0\u00bb.vc_custom_1474458698794{margin-right: 5% !important;}\u00a0\u00bb] De nouvelles id\u00e9es pour vos projets sont ajout\u00e9es r\u00e9guli\u00e8rement ! [\/vc_column_text][vc_empty_space height=\u00a0\u00bb30px\u00a0\u00bb][\/vc_column][vc_column width=\u00a0\u00bb1\/2&Prime;][vc_empty_space height=\u00a0\u00bb90px\u00a0\u00bb][vc_column_text css=\u00a0\u00bb.vc_custom_1474458725022{margin-left: 5% !important;}\u00a0\u00bb] Si vous le souhaitez, vous pouvez \u00e9galement t\u00e9l\u00e9charger notre petit manuel de route qui vous permettra de commencer votre premier projet tr\u00e8s [&hellip;]<\/p>\n","protected":false},"author":2,"featured_media":0,"parent":0,"menu_order":0,"comment_status":"closed","ping_status":"closed","template":"","meta":{"footnotes":""},"class_list":["post-3755","page","type-page","status-publish","hentry"],"_links":{"self":[{"href":"https:\/\/app.racontr.com\/fr\/wp-json\/wp\/v2\/pages\/3755","targetHints":{"allow":["GET"]}}],"collection":[{"href":"https:\/\/app.racontr.com\/fr\/wp-json\/wp\/v2\/pages"}],"about":[{"href":"https:\/\/app.racontr.com\/fr\/wp-json\/wp\/v2\/types\/page"}],"author":[{"embeddable":true,"href":"https:\/\/app.racontr.com\/fr\/wp-json\/wp\/v2\/users\/2"}],"replies":[{"embeddable":true,"href":"https:\/\/app.racontr.com\/fr\/wp-json\/wp\/v2\/comments?post=3755"}],"version-history":[{"count":0,"href":"https:\/\/app.racontr.com\/fr\/wp-json\/wp\/v2\/pages\/3755\/revisions"}],"wp:attachment":[{"href":"https:\/\/app.racontr.com\/fr\/wp-json\/wp\/v2\/media?parent=3755"}],"curies":[{"name":"wp","href":"https:\/\/api.w.org\/{rel}","templated":true}]}}