

{"id":4454,"date":"2015-11-25T15:25:38","date_gmt":"2015-11-25T15:25:38","guid":{"rendered":"http:\/\/localhost:10003\/fr\/?page_id=4454"},"modified":"2017-04-08T11:26:46","modified_gmt":"2017-04-08T11:26:46","slug":"documentation","status":"publish","type":"page","link":"https:\/\/app.racontr.com\/fr\/documentation\/","title":{"rendered":"Documentation"},"content":{"rendered":"<p>[vc_row equal_height=\u00a0\u00bbyes\u00a0\u00bb content_placement=\u00a0\u00bbtop\u00a0\u00bb text_color=\u00a0\u00bb#ffffff\u00a0\u00bb section_type=\u00a0\u00bbheader\u00a0\u00bb fixed_height=\u00a0\u00bb\u00a0\u00bb el_class=\u00a0\u00bbfull-sc-rctr\u00a0\u00bb enable_first_overlay=\u00a0\u00bbtrue\u00a0\u00bb first_overlay_opacity=\u00a0\u00bb70&Prime; first_background_color=\u00a0\u00bb#000000&Prime; second_background_color=\u00a0\u00bb#000000&Prime;][vc_column][rev_slider alias=\u00a0\u00bbRacontr-Video-Tool\u00a0\u00bb][\/vc_column][\/vc_row][vc_row][vc_column width=\u00a0\u00bb1\/3&Prime; alignment=\u00a0\u00bbcenter\u00a0\u00bb][vc_empty_space height=\u00a0\u00bb50px\u00a0\u00bb][mpc_button url=\u00a0\u00bburl:http%3A%2F%2Fhelpdesk.racontr.wpengine.com%2F||target:%20_blank|\u00a0\u00bb font_color=\u00a0\u00bb#009cad\u00a0\u00bb font_size=\u00a0\u00bb16&Prime; font_transform=\u00a0\u00bbuppercase\u00a0\u00bb font_align=\u00a0\u00bbcenter\u00a0\u00bb title=\u00a0\u00bbDocumentation\u00a0\u00bb icon=\u00a0\u00bbfa fa-mortar-board\u00a0\u00bb icon_color=\u00a0\u00bb#009cad\u00a0\u00bb icon_size=\u00a0\u00bb16&Prime; icon_effect=\u00a0\u00bbstay-left\u00a0\u00bb border_css=\u00a0\u00bbborder-width:2px;border-color:#009cad;border-style:solid;\u00a0\u00bb padding_divider=\u00a0\u00bbtrue\u00a0\u00bb padding_css=\u00a0\u00bbpadding-top:12px;padding-right:30px;padding-bottom:12px;padding-left:30px;\u00a0\u00bb margin_css=\u00a0\u00bbmargin:11px;\u00a0\u00bb hover_font_color=\u00a0\u00bb#ffffff\u00a0\u00bb hover_icon_color=\u00a0\u00bb#ffffff\u00a0\u00bb hover_background_color=\u00a0\u00bb#009cad\u00a0\u00bb hover_background_effect=\u00a0\u00bbexpand-diagonal_left\u00a0\u00bb hover_background_offset=\u00a0\u00bb200&Prime; hover_border_css=\u00a0\u00bbborder-color:#009cad;border-radius:5px;\u00a0\u00bb][vc_column_text]<\/p>\n<h3 style=\"text-align: center;\"><strong>Toutes les fonctionnalit\u00e9s expliqu\u00e9es !<\/strong><\/h3>\n<p style=\"text-align: center;\"><span style=\"font-weight: 400;\">Comment cr\u00e9er un projet, utiliser la timeline, ajouter de l&rsquo;action et de l&rsquo;interactivit\u00e9 sur un m\u00e9dia<\/span><\/p>\n<p style=\"text-align: center;\"><span style=\"font-weight: 400;\">Vous trouverez tout ce dont vous avez besoin ici.<\/span><\/p>\n<p>[\/vc_column_text][\/vc_column][vc_column width=\u00a0\u00bb1\/3&Prime; alignment=\u00a0\u00bbcenter\u00a0\u00bb][vc_empty_space height=\u00a0\u00bb50px\u00a0\u00bb][mpc_button preset=\u00a0\u00bbpreset_1&Prime; url=\u00a0\u00bburl:http%3A%2F%2Fracontr.wpengine.com%2Ftutorials%2F||\u00a0\u00bb font_color=\u00a0\u00bb#009cad\u00a0\u00bb font_size=\u00a0\u00bb16&Prime; font_transform=\u00a0\u00bbuppercase\u00a0\u00bb font_align=\u00a0\u00bbcenter\u00a0\u00bb title=\u00a0\u00bbTutoriaux\u00a0\u00bb icon=\u00a0\u00bbfa fa-book\u00a0\u00bb icon_color=\u00a0\u00bb#009cad\u00a0\u00bb icon_size=\u00a0\u00bb16&Prime; icon_effect=\u00a0\u00bbstay-left\u00a0\u00bb border_css=\u00a0\u00bbborder-width:2px;border-color:#009cad;border-style:solid;\u00a0\u00bb padding_divider=\u00a0\u00bbtrue\u00a0\u00bb padding_css=\u00a0\u00bbpadding-top:12px;padding-right:30px;padding-bottom:12px;padding-left:30px;\u00a0\u00bb margin_css=\u00a0\u00bbmargin:11px;\u00a0\u00bb hover_font_color=\u00a0\u00bb#ffffff\u00a0\u00bb hover_icon_color=\u00a0\u00bb#ffffff\u00a0\u00bb hover_background_color=\u00a0\u00bb#009cad\u00a0\u00bb hover_background_effect=\u00a0\u00bbexpand-diagonal_left\u00a0\u00bb hover_background_offset=\u00a0\u00bb200&Prime; hover_border_css=\u00a0\u00bbborder-color:#009cad;border-radius:5px;\u00a0\u00bb][vc_column_text]<\/p>\n<h3 style=\"text-align: center;\"><strong>Regardez, apprenez, r\u00e9alisez<\/strong><\/h3>\n<p style=\"text-align: center;\">Nous avons des tutoriels et des cas pratiques pour tous les niveaux : interfaces de navigation, interactivit\u00e9, plugins<\/p>\n<p style=\"text-align: center;\"><span style=\"font-weight: 400;\">Il y a toujours quelque chose \u00e0 apprendre !<\/span><\/p>\n<p>[\/vc_column_text][\/vc_column][vc_column width=\u00a0\u00bb1\/3&Prime; alignment=\u00a0\u00bbcenter\u00a0\u00bb][vc_empty_space height=\u00a0\u00bb50px\u00a0\u00bb][mpc_button preset=\u00a0\u00bbpreset_1&Prime; url=\u00a0\u00bburl:https%3A%2F%2Fwww.messenger.com%2Ft%2Fweareracontr%2F|title:RacontR%20Bot|target:%20_blank|\u00a0\u00bb font_color=\u00a0\u00bb#009cad\u00a0\u00bb font_size=\u00a0\u00bb16&Prime; font_transform=\u00a0\u00bbuppercase\u00a0\u00bb font_align=\u00a0\u00bbcenter\u00a0\u00bb title=\u00a0\u00bbRacontR Bot\u00a0\u00bb icon_color=\u00a0\u00bb#009cad\u00a0\u00bb icon_size=\u00a0\u00bb16&Prime; icon_effect=\u00a0\u00bbstay-left\u00a0\u00bb border_css=\u00a0\u00bbborder-width:2px;border-color:#009cad;border-style:solid;\u00a0\u00bb padding_divider=\u00a0\u00bbtrue\u00a0\u00bb padding_css=\u00a0\u00bbpadding-top:12px;padding-right:30px;padding-bottom:12px;padding-left:30px;\u00a0\u00bb margin_css=\u00a0\u00bbmargin:11px;\u00a0\u00bb hover_font_color=\u00a0\u00bb#ffffff\u00a0\u00bb hover_icon_color=\u00a0\u00bb#ffffff\u00a0\u00bb hover_background_color=\u00a0\u00bb#009cad\u00a0\u00bb hover_background_effect=\u00a0\u00bbexpand-diagonal_left\u00a0\u00bb hover_background_offset=\u00a0\u00bb200&Prime; hover_border_css=\u00a0\u00bbborder-color:#009cad;border-radius:5px;\u00a0\u00bb][vc_column_text]<\/p>\n<h3 style=\"text-align: center;\"><strong>Discutez avec notre robot<\/strong><\/h3>\n<p class=\"p1\"><span class=\"s1\">Un soucis technique ou tout simplement envie de papoter un peu ?<\/span><\/p>\n<p>&nbsp;<\/p>\n<p>[\/vc_column_text][\/vc_column][\/vc_row][vc_row el_id=\u00a0\u00bbtuto\u00a0\u00bb][vc_column][vc_empty_space height=\u00a0\u00bb70px\u00a0\u00bb][vc_column_text]<\/p>\n<div id=\"doc\">\n<h1 style=\"color: #009cad;\">Premi\u00e8re fois sur RacontR ? \u00a0Regardez-moi !<\/h1>\n<\/div>\n<p>[\/vc_column_text][vc_empty_space height=\u00a0\u00bb10px\u00a0\u00bb][vc_raw_html]JTNDaWZyYW1lJTIwc3JjJTNEJTIyaHR0cCUzQSUyRiUyRnd3dy55b3V0dWJlLmNvbSUyRmVtYmVkJTJGJTNGbGlzdCUzRFBMUTluS0JJMS1JVGJYNXpDcG5kdGMwTGtkMkZoNlZUVXMlMjIlMjB3aWR0aCUzRCUyMjEwMCUyNSUyMiUyMEhlaWdodCUzRCUyMjUwMHB4JTIyJTNFJTNDJTJGaWZyYW1lJTNFJTIwJTIwJTIwJTIwJTIwJTIwJTIwJTIwJTIwJTIwJTIwJTIwJTIwJTIwJTIwJTIw[\/vc_raw_html][\/vc_column][\/vc_row][vc_row][vc_column][vc_empty_space height=\u00a0\u00bb40px\u00a0\u00bb][\/vc_column][\/vc_row]<\/p>\n","protected":false},"excerpt":{"rendered":"<p>[vc_row equal_height=\u00a0\u00bbyes\u00a0\u00bb content_placement=\u00a0\u00bbtop\u00a0\u00bb text_color=\u00a0\u00bb#ffffff\u00a0\u00bb section_type=\u00a0\u00bbheader\u00a0\u00bb fixed_height=\u00a0\u00bb\u00a0\u00bb el_class=\u00a0\u00bbfull-sc-rctr\u00a0\u00bb enable_first_overlay=\u00a0\u00bbtrue\u00a0\u00bb first_overlay_opacity=\u00a0\u00bb70&Prime; first_background_color=\u00a0\u00bb#000000&Prime; second_background_color=\u00a0\u00bb#000000&Prime;][vc_column][rev_slider alias=\u00a0\u00bbRacontr-Video-Tool\u00a0\u00bb][\/vc_column][\/vc_row][vc_row][vc_column width=\u00a0\u00bb1\/3&Prime; alignment=\u00a0\u00bbcenter\u00a0\u00bb][vc_empty_space height=\u00a0\u00bb50px\u00a0\u00bb][mpc_button url=\u00a0\u00bburl:http%3A%2F%2Fhelpdesk.racontr.wpengine.com%2F||target:%20_blank|\u00a0\u00bb font_color=\u00a0\u00bb#009cad\u00a0\u00bb font_size=\u00a0\u00bb16&Prime; font_transform=\u00a0\u00bbuppercase\u00a0\u00bb font_align=\u00a0\u00bbcenter\u00a0\u00bb title=\u00a0\u00bbDocumentation\u00a0\u00bb icon=\u00a0\u00bbfa fa-mortar-board\u00a0\u00bb icon_color=\u00a0\u00bb#009cad\u00a0\u00bb icon_size=\u00a0\u00bb16&Prime; icon_effect=\u00a0\u00bbstay-left\u00a0\u00bb border_css=\u00a0\u00bbborder-width:2px;border-color:#009cad;border-style:solid;\u00a0\u00bb padding_divider=\u00a0\u00bbtrue\u00a0\u00bb padding_css=\u00a0\u00bbpadding-top:12px;padding-right:30px;padding-bottom:12px;padding-left:30px;\u00a0\u00bb margin_css=\u00a0\u00bbmargin:11px;\u00a0\u00bb hover_font_color=\u00a0\u00bb#ffffff\u00a0\u00bb hover_icon_color=\u00a0\u00bb#ffffff\u00a0\u00bb hover_background_color=\u00a0\u00bb#009cad\u00a0\u00bb hover_background_effect=\u00a0\u00bbexpand-diagonal_left\u00a0\u00bb hover_background_offset=\u00a0\u00bb200&Prime; hover_border_css=\u00a0\u00bbborder-color:#009cad;border-radius:5px;\u00a0\u00bb][vc_column_text] Toutes les fonctionnalit\u00e9s expliqu\u00e9es ! Comment cr\u00e9er un projet, utiliser la timeline, ajouter de l&rsquo;action et de l&rsquo;interactivit\u00e9 sur un m\u00e9dia Vous trouverez tout [&hellip;]<\/p>\n","protected":false},"author":2,"featured_media":0,"parent":0,"menu_order":0,"comment_status":"closed","ping_status":"closed","template":"","meta":{"footnotes":""},"class_list":["post-4454","page","type-page","status-publish","hentry"],"_links":{"self":[{"href":"https:\/\/app.racontr.com\/fr\/wp-json\/wp\/v2\/pages\/4454","targetHints":{"allow":["GET"]}}],"collection":[{"href":"https:\/\/app.racontr.com\/fr\/wp-json\/wp\/v2\/pages"}],"about":[{"href":"https:\/\/app.racontr.com\/fr\/wp-json\/wp\/v2\/types\/page"}],"author":[{"embeddable":true,"href":"https:\/\/app.racontr.com\/fr\/wp-json\/wp\/v2\/users\/2"}],"replies":[{"embeddable":true,"href":"https:\/\/app.racontr.com\/fr\/wp-json\/wp\/v2\/comments?post=4454"}],"version-history":[{"count":0,"href":"https:\/\/app.racontr.com\/fr\/wp-json\/wp\/v2\/pages\/4454\/revisions"}],"wp:attachment":[{"href":"https:\/\/app.racontr.com\/fr\/wp-json\/wp\/v2\/media?parent=4454"}],"curies":[{"name":"wp","href":"https:\/\/api.w.org\/{rel}","templated":true}]}}