

{"id":7952,"date":"2016-06-14T10:47:15","date_gmt":"2016-06-14T10:47:15","guid":{"rendered":"http:\/\/localhost:10003\/fr\/?page_id=7952"},"modified":"2017-01-30T16:11:13","modified_gmt":"2017-01-30T16:11:13","slug":"cas-pratiques","status":"publish","type":"page","link":"https:\/\/app.racontr.com\/fr\/cas-pratiques\/","title":{"rendered":"Cas Pratiques"},"content":{"rendered":"<p>[vc_row padding_top=\u00a0\u00bb60px\u00a0\u00bb padding_bottom=\u00a0\u00bb\u00a0\u00bb margin_top=\u00a0\u00bb100px\u00a0\u00bb visibility=\u00a0\u00bbhidden-xs,hidden-sm\u00a0\u00bb][vc_column width=\u00a0\u00bb1\/2&Prime;][kleo_gap size=\u00a0\u00bb150px\u00a0\u00bb][vc_custom_heading text=\u00a0\u00bbCAS PRATIQUES\u00a0\u00bb font_container=\u00a0\u00bbtag:h2|font_size:80px|text_align:left|line_height:80px\u00a0\u00bb google_fonts=\u00a0\u00bbfont_family:Lato%3A100%2C100italic%2C300%2C300italic%2Cregular%2Citalic%2C700%2C700italic%2C900%2C900italic|font_style:900%20bold%20regular%3A900%3Anormal\u00a0\u00bb letter_spacing=\u00a0\u00bb\u00a0\u00bb][vc_custom_heading text=\u00a0\u00bbD\u00c9COUVREZ LES COULISSES DE NOS DERNIERS PROJETS\u00a0\u00bb font_container=\u00a0\u00bbtag:h2|font_size:20px|text_align:left|line_height:20px\u00a0\u00bb google_fonts=\u00a0\u00bbfont_family:Lato%3A100%2C100italic%2C300%2C300italic%2Cregular%2Citalic%2C700%2C700italic%2C900%2C900italic|font_style:900%20bold%20regular%3A900%3Anormal\u00a0\u00bb letter_spacing=\u00a0\u00bb\u00a0\u00bb][\/vc_column][vc_column width=\u00a0\u00bb1\/2&Prime;][kleo_gap size=\u00a0\u00bb110px\u00a0\u00bb][vc_single_image image=\u00a0\u00bb7847&Prime; img_size=\u00a0\u00bbfull\u00a0\u00bb alignment=\u00a0\u00bbcenter\u00a0\u00bb animation=\u00a0\u00bbanimate-when-almost-visible\u00a0\u00bb css_animation=\u00a0\u00bbel-fade\u00a0\u00bb el_class=\u00a0\u00bbsplash\u00a0\u00bb css=\u00a0\u00bb.vc_custom_1469188262920{margin-top: -60px !important;}\u00a0\u00bb][\/vc_column][\/vc_row][vc_row padding_top=\u00a0\u00bb60px\u00a0\u00bb padding_bottom=\u00a0\u00bb\u00a0\u00bb margin_top=\u00a0\u00bb100px\u00a0\u00bb visibility=\u00a0\u00bbhidden-md,hidden-lg,hidden-xlg\u00a0\u00bb][vc_column][vc_single_image image=\u00a0\u00bb7847&Prime; img_size=\u00a0\u00bbfull\u00a0\u00bb alignment=\u00a0\u00bbcenter\u00a0\u00bb animation=\u00a0\u00bbanimate-when-almost-visible\u00a0\u00bb css_animation=\u00a0\u00bbel-fade\u00a0\u00bb el_class=\u00a0\u00bbsplash\u00a0\u00bb css=\u00a0\u00bb.vc_custom_1469188262920{margin-top: -60px !important;}\u00a0\u00bb][kleo_gap size=\u00a0\u00bb60px\u00a0\u00bb][vc_custom_heading text=\u00a0\u00bbCAS PRATIQUES\u00a0\u00bb font_container=\u00a0\u00bbtag:h2|font_size:80px|text_align:center|line_height:80px\u00a0\u00bb google_fonts=\u00a0\u00bbfont_family:Lato%3A100%2C100italic%2C300%2C300italic%2Cregular%2Citalic%2C700%2C700italic%2C900%2C900italic|font_style:900%20bold%20regular%3A900%3Anormal\u00a0\u00bb letter_spacing=\u00a0\u00bb\u00a0\u00bb][vc_custom_heading text=\u00a0\u00bbD\u00c9COUVREZ LES COULISSES DE NOS DERNIERS PROJETS\u00a0\u00bb font_container=\u00a0\u00bbtag:h2|font_size:16px|text_align:center|line_height:20px\u00a0\u00bb google_fonts=\u00a0\u00bbfont_family:Lato%3A100%2C100italic%2C300%2C300italic%2Cregular%2Citalic%2C700%2C700italic%2C900%2C900italic|font_style:900%20bold%20regular%3A900%3Anormal\u00a0\u00bb letter_spacing=\u00a0\u00bb\u00a0\u00bb][\/vc_column][\/vc_row][vc_row][vc_column][vc_empty_space height=\u00a0\u00bb40px\u00a0\u00bb][vc_custom_heading text=\u00a0\u00bbM\u00e9thode, travail, patience, cr\u00e9ativit\u00e9, \u00e9coute et &#8211; bien s\u00fbr &#8211; une pinc\u00e9e de RacontR ! Voil\u00e0 ce qu&rsquo;il faut pour cr\u00e9er des projets impressionnants. Qu&rsquo;ils soient pens\u00e9s par notre \u00e9quipe ou directement par nos clients, des cr\u00e9ations comme celles que vous allez d\u00e9couvrir, exigent beaucoup de travail et de d\u00e9vouement pour transmettre le message exact \u00e0 travers la bonne histoire. Prenez votre temps pour d\u00e9couvrir ces cr\u00e9ations, et revenez-y r\u00e9guli\u00e8rement, nous mettrons \u00e0 jour cette page tous les mois avec de nouveaux projets.\u00a0\u00bb font_container=\u00a0\u00bbtag:p|font_size:18px|text_align:justify|line_height:35px\u00a0\u00bb google_fonts=\u00a0\u00bbfont_family:Lato%3A100%2C100italic%2C300%2C300italic%2Cregular%2Citalic%2C700%2C700italic%2C900%2C900italic|font_style:300%20light%20regular%3A300%3Anormal\u00a0\u00bb letter_spacing=\u00a0\u00bb\u00a0\u00bb][vc_empty_space height=\u00a0\u00bb40px\u00a0\u00bb][mpc_divider content_padding_divider=\u00a0\u00bbtrue\u00a0\u00bb content_padding_css=\u00a0\u00bbpadding-top:0px;padding-right:10px;padding-bottom:0px;padding-left:10px;\u00a0\u00bb icon_color=\u00a0\u00bb#009cad\u00a0\u00bb icon_size=\u00a0\u00bb30&Prime; lines_color=\u00a0\u00bb#009cad\u00a0\u00bb][vc_empty_space height=\u00a0\u00bb40px\u00a0\u00bb][vc_row_inner gap=\u00a0\u00bb35&Prime;][vc_column_inner][kleo_portfolio display_type=\u00a0\u00bboverlay\u00a0\u00bb columns=\u00a0\u00bb2&Prime; filter=\u00a0\u00bbno\u00a0\u00bb category=\u00a0\u00bbCas Pratiques ? la Une\u00a0\u00bb][\/vc_column_inner][\/vc_row_inner][vc_row_inner][vc_column_inner alignment=\u00a0\u00bbcenter\u00a0\u00bb][vc_empty_space height=\u00a0\u00bb40px\u00a0\u00bb][vc_custom_heading text=\u00a0\u00bbConvaincu ? Cliquez ci-dessous et discutons ensemble !\u00a0\u00bb font_container=\u00a0\u00bbtag:h2|font_size:18px|text_align:center|line_height:18px\u00a0\u00bb google_fonts=\u00a0\u00bbfont_family:Lato%3A100%2C100italic%2C300%2C300italic%2Cregular%2Citalic%2C700%2C700italic%2C900%2C900italic|font_style:900%20bold%20regular%3A900%3Anormal\u00a0\u00bb letter_spacing=\u00a0\u00bb\u00a0\u00bb link=\u00a0\u00bb||\u00a0\u00bb][vc_empty_space height=\u00a0\u00bb20px\u00a0\u00bb][mpc_button url=\u00a0\u00bburl:http%3A%2F%2Fracontr.wpengine.com%2Ffr%2Ftarifs%2F||\u00a0\u00bb font_color=\u00a0\u00bb#009cad\u00a0\u00bb font_size=\u00a0\u00bb16&Prime; font_transform=\u00a0\u00bbuppercase\u00a0\u00bb font_align=\u00a0\u00bbcenter\u00a0\u00bb title=\u00a0\u00bbCONTACTEZ-NOUS ! \u00a0\u00bb icon=\u00a0\u00bbfa fa-send-o\u00a0\u00bb icon_color=\u00a0\u00bb#009cad\u00a0\u00bb icon_size=\u00a0\u00bb16&Prime; icon_effect=\u00a0\u00bbstay-left\u00a0\u00bb border_css=\u00a0\u00bbborder-width:2px;border-color:#009cad;border-style:solid;\u00a0\u00bb padding_divider=\u00a0\u00bbtrue\u00a0\u00bb padding_css=\u00a0\u00bbpadding-top:12px;padding-right:30px;padding-bottom:12px;padding-left:30px;\u00a0\u00bb margin_css=\u00a0\u00bbmargin:11px;\u00a0\u00bb hover_font_color=\u00a0\u00bb#ffffff\u00a0\u00bb hover_icon_color=\u00a0\u00bb#ffffff\u00a0\u00bb hover_background_color=\u00a0\u00bb#009cad\u00a0\u00bb hover_background_effect=\u00a0\u00bbexpand-diagonal_left\u00a0\u00bb hover_background_offset=\u00a0\u00bb200&Prime; hover_border_css=\u00a0\u00bbborder-color:#009cad;border-radius:5px;\u00a0\u00bb][mpc_button url=\u00a0\u00bburl:http%3A%2F%2Fracontr.wpengine.com%2Ffr%2Factualite%2F||\u00a0\u00bb font_color=\u00a0\u00bb#009cad\u00a0\u00bb font_size=\u00a0\u00bb16&Prime; font_transform=\u00a0\u00bbuppercase\u00a0\u00bb font_align=\u00a0\u00bbcenter\u00a0\u00bb title=\u00a0\u00bbOU CONSULTEZ NOTRE BLOG !\u00a0\u00bb icon=\u00a0\u00bbfa fa-newspaper-o\u00a0\u00bb icon_color=\u00a0\u00bb#009cad\u00a0\u00bb icon_size=\u00a0\u00bb16&Prime; icon_effect=\u00a0\u00bbstay-left\u00a0\u00bb border_css=\u00a0\u00bbborder-width:2px;border-color:#009cad;border-style:solid;\u00a0\u00bb padding_divider=\u00a0\u00bbtrue\u00a0\u00bb padding_css=\u00a0\u00bbpadding-top:12px;padding-right:30px;padding-bottom:12px;padding-left:30px;\u00a0\u00bb margin_divider=\u00a0\u00bbtrue\u00a0\u00bb hover_font_color=\u00a0\u00bb#ffffff\u00a0\u00bb hover_icon_color=\u00a0\u00bb#ffffff\u00a0\u00bb hover_background_color=\u00a0\u00bb#009cad\u00a0\u00bb hover_background_effect=\u00a0\u00bbexpand-diagonal_left\u00a0\u00bb hover_background_offset=\u00a0\u00bb300&Prime; hover_border_css=\u00a0\u00bbborder-color:#009cad;border-radius:5px;\u00a0\u00bb][\/vc_column_inner][\/vc_row_inner][\/vc_column][\/vc_row]<\/p>\n","protected":false},"excerpt":{"rendered":"<p>[vc_row padding_top=\u00a0\u00bb60px\u00a0\u00bb padding_bottom=\u00a0\u00bb\u00a0\u00bb margin_top=\u00a0\u00bb100px\u00a0\u00bb visibility=\u00a0\u00bbhidden-xs,hidden-sm\u00a0\u00bb][vc_column width=\u00a0\u00bb1\/2&Prime;][kleo_gap size=\u00a0\u00bb150px\u00a0\u00bb][vc_custom_heading text=\u00a0\u00bbCAS PRATIQUES\u00a0\u00bb font_container=\u00a0\u00bbtag:h2|font_size:80px|text_align:left|line_height:80px\u00a0\u00bb google_fonts=\u00a0\u00bbfont_family:Lato%3A100%2C100italic%2C300%2C300italic%2Cregular%2Citalic%2C700%2C700italic%2C900%2C900italic|font_style:900%20bold%20regular%3A900%3Anormal\u00a0\u00bb letter_spacing=\u00a0\u00bb\u00a0\u00bb][vc_custom_heading text=\u00a0\u00bbD\u00c9COUVREZ LES COULISSES DE NOS DERNIERS PROJETS\u00a0\u00bb font_container=\u00a0\u00bbtag:h2|font_size:20px|text_align:left|line_height:20px\u00a0\u00bb google_fonts=\u00a0\u00bbfont_family:Lato%3A100%2C100italic%2C300%2C300italic%2Cregular%2Citalic%2C700%2C700italic%2C900%2C900italic|font_style:900%20bold%20regular%3A900%3Anormal\u00a0\u00bb letter_spacing=\u00a0\u00bb\u00a0\u00bb][\/vc_column][vc_column width=\u00a0\u00bb1\/2&Prime;][kleo_gap size=\u00a0\u00bb110px\u00a0\u00bb][vc_single_image image=\u00a0\u00bb7847&Prime; img_size=\u00a0\u00bbfull\u00a0\u00bb alignment=\u00a0\u00bbcenter\u00a0\u00bb animation=\u00a0\u00bbanimate-when-almost-visible\u00a0\u00bb css_animation=\u00a0\u00bbel-fade\u00a0\u00bb el_class=\u00a0\u00bbsplash\u00a0\u00bb css=\u00a0\u00bb.vc_custom_1469188262920{margin-top: -60px !important;}\u00a0\u00bb][\/vc_column][\/vc_row][vc_row padding_top=\u00a0\u00bb60px\u00a0\u00bb padding_bottom=\u00a0\u00bb\u00a0\u00bb margin_top=\u00a0\u00bb100px\u00a0\u00bb visibility=\u00a0\u00bbhidden-md,hidden-lg,hidden-xlg\u00a0\u00bb][vc_column][vc_single_image image=\u00a0\u00bb7847&Prime; img_size=\u00a0\u00bbfull\u00a0\u00bb alignment=\u00a0\u00bbcenter\u00a0\u00bb animation=\u00a0\u00bbanimate-when-almost-visible\u00a0\u00bb css_animation=\u00a0\u00bbel-fade\u00a0\u00bb el_class=\u00a0\u00bbsplash\u00a0\u00bb css=\u00a0\u00bb.vc_custom_1469188262920{margin-top: -60px !important;}\u00a0\u00bb][kleo_gap size=\u00a0\u00bb60px\u00a0\u00bb][vc_custom_heading text=\u00a0\u00bbCAS PRATIQUES\u00a0\u00bb font_container=\u00a0\u00bbtag:h2|font_size:80px|text_align:center|line_height:80px\u00a0\u00bb google_fonts=\u00a0\u00bbfont_family:Lato%3A100%2C100italic%2C300%2C300italic%2Cregular%2Citalic%2C700%2C700italic%2C900%2C900italic|font_style:900%20bold%20regular%3A900%3Anormal\u00a0\u00bb letter_spacing=\u00a0\u00bb\u00a0\u00bb][vc_custom_heading text=\u00a0\u00bbD\u00c9COUVREZ LES COULISSES DE NOS DERNIERS PROJETS\u00a0\u00bb font_container=\u00a0\u00bbtag:h2|font_size:16px|text_align:center|line_height:20px\u00a0\u00bb [&hellip;]<\/p>\n","protected":false},"author":2,"featured_media":0,"parent":0,"menu_order":0,"comment_status":"closed","ping_status":"closed","template":"","meta":{"footnotes":""},"class_list":["post-7952","page","type-page","status-publish","hentry"],"_links":{"self":[{"href":"https:\/\/app.racontr.com\/fr\/wp-json\/wp\/v2\/pages\/7952","targetHints":{"allow":["GET"]}}],"collection":[{"href":"https:\/\/app.racontr.com\/fr\/wp-json\/wp\/v2\/pages"}],"about":[{"href":"https:\/\/app.racontr.com\/fr\/wp-json\/wp\/v2\/types\/page"}],"author":[{"embeddable":true,"href":"https:\/\/app.racontr.com\/fr\/wp-json\/wp\/v2\/users\/2"}],"replies":[{"embeddable":true,"href":"https:\/\/app.racontr.com\/fr\/wp-json\/wp\/v2\/comments?post=7952"}],"version-history":[{"count":0,"href":"https:\/\/app.racontr.com\/fr\/wp-json\/wp\/v2\/pages\/7952\/revisions"}],"wp:attachment":[{"href":"https:\/\/app.racontr.com\/fr\/wp-json\/wp\/v2\/media?parent=7952"}],"curies":[{"name":"wp","href":"https:\/\/api.w.org\/{rel}","templated":true}]}}