

{"id":7998,"date":"2016-08-16T16:37:01","date_gmt":"2016-08-16T16:37:01","guid":{"rendered":"http:\/\/localhost:10003\/fr\/?page_id=7998"},"modified":"2017-01-30T16:05:28","modified_gmt":"2017-01-30T16:05:28","slug":"b-communication-agences-digitales","status":"publish","type":"page","link":"https:\/\/app.racontr.com\/fr\/b-communication-agences-digitales\/","title":{"rendered":"B &#8211; COMMUNICATION AGENCES DIGITALES"},"content":{"rendered":"<p>[vc_row][vc_column width=\u00a0\u00bb1\/2&Prime;][kleo_gap size=\u00a0\u00bb110px\u00a0\u00bb][vc_custom_heading text=\u00a0\u00bbAGENCES DIGITALES\u00a0\u00bb font_container=\u00a0\u00bbtag:h2|font_size:75px|text_align:right|line_height:80px\u00a0\u00bb google_fonts=\u00a0\u00bbfont_family:Lato%3A100%2C100italic%2C300%2C300italic%2Cregular%2Citalic%2C700%2C700italic%2C900%2C900italic|font_style:900%20bold%20regular%3A900%3Anormal\u00a0\u00bb letter_spacing=\u00a0\u00bb\u00a0\u00bb][kleo_gap size=\u00a0\u00bb14px\u00a0\u00bb][vc_separator color=\u00a0\u00bbcustom\u00a0\u00bb align=\u00a0\u00bbalign_right\u00a0\u00bb el_width=\u00a0\u00bb60&Prime; accent_color=\u00a0\u00bb#009cad\u00a0\u00bb][vc_column_text letter_spacing=\u00a0\u00bb\u00a0\u00bb css=\u00a0\u00bb.vc_custom_1473339478060{padding-top: -10px !important;}\u00a0\u00bb]<\/p>\n<p style=\"text-align: justify;\">Nous sommes tous satur\u00e9s de contenus que nous recevons quotidiennement sur nos portables. Dans le m\u00eame temps, il n&rsquo;y a jamais eu autant d&rsquo;outils pour communiquer avec le public. Pour l&rsquo;atteindre, vous avez besoin d&rsquo;un outil polyvalent qui transmettra votre message partout.<\/p>\n<p>[\/vc_column_text][\/vc_column][vc_column width=\u00a0\u00bb1\/2&Prime;][vc_single_image image=\u00a0\u00bb7675&Prime; img_size=\u00a0\u00bblarge\u00a0\u00bb alignment=\u00a0\u00bbcenter\u00a0\u00bb animation=\u00a0\u00bbanimate-when-almost-visible\u00a0\u00bb css_animation=\u00a0\u00bbbottom-to-top\u00a0\u00bb][\/vc_column][\/vc_row][vc_row][vc_column width=\u00a0\u00bb1\/3&Prime; alignment=\u00a0\u00bbcenter\u00a0\u00bb][kleo_gap size=\u00a0\u00bb20px\u00a0\u00bb][vc_custom_heading text=\u00a0\u00bbQUE POUVEZ-VOUS FAIRE ?\u00a0\u00bb google_fonts=\u00a0\u00bbfont_family:Lato%3A100%2C100italic%2C300%2C300italic%2Cregular%2Citalic%2C700%2C700italic%2C900%2C900italic|font_style:900%20bold%20regular%3A900%3Anormal\u00a0\u00bb letter_spacing=\u00a0\u00bb\u00a0\u00bb][vc_separator color=\u00a0\u00bbcustom\u00a0\u00bb accent_color=\u00a0\u00bb#009cad\u00a0\u00bb][kleo_gap][mpc_icon_list mpc_icon__preset=\u00a0\u00bbmpc_preset_3&Prime; mpc_icon__icon=\u00a0\u00bbfa fa-check\u00a0\u00bb mpc_icon__icon_color=\u00a0\u00bb#009cad\u00a0\u00bb mpc_icon__icon_size=\u00a0\u00bb48&Prime; mpc_icon__border_divider=\u00a0\u00bbtrue\u00a0\u00bb mpc_icon__padding_css=\u00a0\u00bbpadding:10px;\u00a0\u00bb mpc_icon__margin_divider=\u00a0\u00bbtrue\u00a0\u00bb mpc_icon__hover_border_divider=\u00a0\u00bbtrue\u00a0\u00bb list=\u00a0\u00bb%5B%7B%22hover_icon_color%22%3A%22%23ffffff%22%2C%22hover_text_color%22%3A%22%23ffffff%22%2C%22title%22%3A%22Utilisez%20la%20puissance%20de%20Racontr%20pour%20cr%C3%A9er%20d&rsquo;incroyables%20outils%20de%20communication%20digitale%20pour%20vos%20clients.%22%2C%22hover_bg_color%22%3A%22%23009cad%22%2C%22icon_type%22%3A%22icon%22%7D%2C%7B%22hover_icon_color%22%3A%22%23ffffff%22%2C%22hover_text_color%22%3A%22%23ffffff%22%2C%22title%22%3A%22Cr%C3%A9ez%20d&rsquo;exceptionnelles%20exp%C3%A9riences%20interactives%20conformes%20aux%20standards%20HTML5%20les%20plus%20r%C3%A9cents.%20%22%2C%22bg_color%22%3A%22%23ffffff%22%2C%22hover_bg_color%22%3A%22%23009cad%22%2C%22icon_type%22%3A%22icon%22%7D%2C%7B%22hover_icon_color%22%3A%22%23ffffff%22%2C%22hover_text_color%22%3A%22%23ffffff%22%2C%22title%22%3A%22R%C3%A9duisez%20vos%20co%C3%BBts%20et%20vos%20d%C3%A9lais%20de%20production%2C%20augmentez%20votre%20r%C3%A9activit%C3%A9.%22%2C%22bg_color%22%3A%22%23ffffff%22%2C%22hover_bg_color%22%3A%22%23009cad%22%2C%22icon_type%22%3A%22icon%22%7D%2C%7B%22hover_icon_color%22%3A%22%23ffffff%22%2C%22hover_text_color%22%3A%22%23ffffff%22%2C%22title%22%3A%22Utilisez%20Racontr%20pour%20cr%C3%A9er%20les%20contenus%20que%20vous%20souhaitez.%20Enrichissez%20vos%20projets%20avec%20les%20services%20tiers%20dont%20vous%20avez%20besoin.%22%2C%22bg_color%22%3A%22%23ffffff%22%2C%22hover_bg_color%22%3A%22%23009cad%22%2C%22icon_type%22%3A%22icon%22%7D%5D\u00a0\u00bb][kleo_gap size=\u00a0\u00bb25px\u00a0\u00bb][mpc_button preset=\u00a0\u00bbpreset_1&Prime; url=\u00a0\u00bburl:http%3A%2F%2Fracontr.wpengine.com%2Ffr%2Fb-web-marketing-brand-content%2F||\u00a0\u00bb font_color=\u00a0\u00bb#009cad\u00a0\u00bb font_size=\u00a0\u00bb14&Prime; font_transform=\u00a0\u00bbuppercase\u00a0\u00bb font_align=\u00a0\u00bbcenter\u00a0\u00bb title=\u00a0\u00bbSUIVANT:WEB CONTENT &amp; MARKETING\u00a0\u00bb icon_color=\u00a0\u00bb#009cad\u00a0\u00bb icon_size=\u00a0\u00bb16&Prime; icon_effect=\u00a0\u00bbstay-left\u00a0\u00bb border_css=\u00a0\u00bbborder-width:2px;border-color:#009cad;border-style:solid;\u00a0\u00bb padding_divider=\u00a0\u00bbtrue\u00a0\u00bb padding_css=\u00a0\u00bbpadding-top:12px;padding-right:30px;padding-bottom:12px;padding-left:30px;\u00a0\u00bb margin_css=\u00a0\u00bbmargin:11px;\u00a0\u00bb hover_font_color=\u00a0\u00bb#ffffff\u00a0\u00bb hover_icon_color=\u00a0\u00bb#ffffff\u00a0\u00bb hover_background_color=\u00a0\u00bb#009cad\u00a0\u00bb hover_background_effect=\u00a0\u00bbexpand-diagonal_left\u00a0\u00bb hover_background_offset=\u00a0\u00bb300&Prime; hover_border_css=\u00a0\u00bbborder-color:#009cad;border-radius:5px;\u00a0\u00bb][\/vc_column][vc_column width=\u00a0\u00bb2\/3&Prime;][kleo_gap size=\u00a0\u00bb20px\u00a0\u00bb][vc_custom_heading text=\u00a0\u00bbEXEMPLES\u00a0\u00bb google_fonts=\u00a0\u00bbfont_family:Lato%3A100%2C100italic%2C300%2C300italic%2Cregular%2Citalic%2C700%2C700italic%2C900%2C900italic|font_style:900%20bold%20regular%3A900%3Anormal\u00a0\u00bb letter_spacing=\u00a0\u00bb\u00a0\u00bb][vc_separator color=\u00a0\u00bbcustom\u00a0\u00bb accent_color=\u00a0\u00bb#009cad\u00a0\u00bb][kleo_gap size=\u00a0\u00bb25px\u00a0\u00bb][vc_row_inner][vc_column_inner width=\u00a0\u00bb1\/3&Prime;][mpc_callout preset=\u00a0\u00bbmpc_preset_53&Prime; layout=\u00a0\u00bbstyle_3&Prime; title_font_preset=\u00a0\u00bbpreset_3&Prime; title_font_transform=\u00a0\u00bbuppercase\u00a0\u00bb title_font_align=\u00a0\u00bbcenter\u00a0\u00bb title=\u00a0\u00bbLabo M &#8211; illustration interactive\u00a0\u00bb title_margin_divider=\u00a0\u00bbtrue\u00a0\u00bb title_margin_css=\u00a0\u00bbmargin-top:18px;margin-bottom:13px;\u00a0\u00bb content_width=\u00a0\u00bb100&Prime; content_font_color=\u00a0\u00bb#888888&Prime; content_font_size=\u00a0\u00bb13&Prime; content_font_line_height=\u00a0\u00bb1.4&Prime; content_font_transform=\u00a0\u00bbnone\u00a0\u00bb content_font_align=\u00a0\u00bbcenter\u00a0\u00bb content_margin_divider=\u00a0\u00bbtrue\u00a0\u00bb icon_type=\u00a0\u00bbimage\u00a0\u00bb icon_image_size=\u00a0\u00bbfull\u00a0\u00bb icon_image=\u00a0\u00bb7757&Prime; icon_border_divider=\u00a0\u00bbtrue\u00a0\u00bb icon_border_css=\u00a0\u00bbborder-top:3px;border-right:3px;border-bottom:3px;border-left:3px;border-color:#cfd1d0;\u00a0\u00bb icon_padding_divider=\u00a0\u00bbtrue\u00a0\u00bb background_color=\u00a0\u00bb#dbdbdb\u00a0\u00bb padding_divider=\u00a0\u00bbtrue\u00a0\u00bb padding_css=\u00a0\u00bbpadding-top:35px;padding-right:20px;padding-bottom:20px;padding-left:20px;\u00a0\u00bb mpc_button__url=\u00a0\u00bburl:http%3A%2F%2Fr0a2d21880.racontr.wpengine.com%2F||target:%20_blank\u00a0\u00bb mpc_button__font_color=\u00a0\u00bb#ffffff\u00a0\u00bb mpc_button__font_size=\u00a0\u00bb12&Prime; mpc_button__font_line_height=\u00a0\u00bb1&Prime; mpc_button__font_transform=\u00a0\u00bbnone\u00a0\u00bb mpc_button__title=\u00a0\u00bbVoir le projet\u00a0\u00bb mpc_button__background_color=\u00a0\u00bb#009cad\u00a0\u00bb mpc_button__border_css=\u00a0\u00bbborder-width:2px;border-color:#009cad;border-style:solid;border-radius:2px;\u00a0\u00bb mpc_button__padding_divider=\u00a0\u00bbtrue\u00a0\u00bb mpc_button__padding_css=\u00a0\u00bbpadding-top:9px;padding-right:45px;padding-bottom:9px;padding-left:45px;\u00a0\u00bb mpc_button__margin_divider=\u00a0\u00bbtrue\u00a0\u00bb mpc_button__margin_css=\u00a0\u00bbmargin-top:8px;\u00a0\u00bb mpc_button__hover_font_color=\u00a0\u00bb#009cad\u00a0\u00bb mpc_button__hover_icon_color=\u00a0\u00bb#009cad\u00a0\u00bb mpc_button__hover_background_color=\u00a0\u00bb#ffffff\u00a0\u00bb mpc_button__hover_border_css=\u00a0\u00bbborder-width:2px;border-color:#009cad;border-style:solid;border-radius:2px;\u00a0\u00bb]Partenariat cr\u00e9\u00e9 \u00e0 l&rsquo;occasion d&rsquo;un workshop de 2 jours avec le chanteur M pour d\u00e9velopper une partie de son univers avec des \u00e9tudiants graphistes.[\/mpc_callout][\/vc_column_inner][vc_column_inner width=\u00a0\u00bb1\/3&Prime;][mpc_callout preset=\u00a0\u00bbmpc_preset_53&Prime; layout=\u00a0\u00bbstyle_3&Prime; title_font_preset=\u00a0\u00bbpreset_3&Prime; title_font_transform=\u00a0\u00bbuppercase\u00a0\u00bb title_font_align=\u00a0\u00bbcenter\u00a0\u00bb title=\u00a0\u00bbAlliance &#8211; Infographie\u00a0\u00bb title_margin_divider=\u00a0\u00bbtrue\u00a0\u00bb title_margin_css=\u00a0\u00bbmargin-top:18px;margin-bottom:13px;\u00a0\u00bb content_width=\u00a0\u00bb100&Prime; content_font_color=\u00a0\u00bb#888888&Prime; content_font_size=\u00a0\u00bb13&Prime; content_font_line_height=\u00a0\u00bb1.4&Prime; content_font_transform=\u00a0\u00bbnone\u00a0\u00bb content_font_align=\u00a0\u00bbcenter\u00a0\u00bb content_margin_divider=\u00a0\u00bbtrue\u00a0\u00bb icon_type=\u00a0\u00bbimage\u00a0\u00bb icon_image_size=\u00a0\u00bbfull\u00a0\u00bb icon_image=\u00a0\u00bb7754&Prime; icon_border_divider=\u00a0\u00bbtrue\u00a0\u00bb icon_border_css=\u00a0\u00bbborder-top:3px;border-right:3px;border-bottom:3px;border-left:3px;border-color:#cfd1d0;\u00a0\u00bb icon_padding_divider=\u00a0\u00bbtrue\u00a0\u00bb background_color=\u00a0\u00bb#dbdbdb\u00a0\u00bb padding_divider=\u00a0\u00bbtrue\u00a0\u00bb padding_css=\u00a0\u00bbpadding-top:35px;padding-right:20px;padding-bottom:20px;padding-left:20px;\u00a0\u00bb mpc_button__url=\u00a0\u00bburl:http%3A%2F%2Fr75cb14512.racontr.wpengine.com%2F||target:%20_blank\u00a0\u00bb mpc_button__font_color=\u00a0\u00bb#ffffff\u00a0\u00bb mpc_button__font_size=\u00a0\u00bb12&Prime; mpc_button__font_line_height=\u00a0\u00bb1&Prime; mpc_button__font_transform=\u00a0\u00bbnone\u00a0\u00bb mpc_button__title=\u00a0\u00bbVoir le projet\u00a0\u00bb mpc_button__background_color=\u00a0\u00bb#009cad\u00a0\u00bb mpc_button__border_css=\u00a0\u00bbborder-width:2px;border-color:#009cad;border-style:solid;border-radius:2px;\u00a0\u00bb mpc_button__padding_divider=\u00a0\u00bbtrue\u00a0\u00bb mpc_button__padding_css=\u00a0\u00bbpadding-top:9px;padding-right:45px;padding-bottom:9px;padding-left:45px;\u00a0\u00bb mpc_button__margin_divider=\u00a0\u00bbtrue\u00a0\u00bb mpc_button__margin_css=\u00a0\u00bbmargin-top:8px;\u00a0\u00bb mpc_button__hover_font_color=\u00a0\u00bb#009cad\u00a0\u00bb mpc_button__hover_icon_color=\u00a0\u00bb#009cad\u00a0\u00bb mpc_button__hover_background_color=\u00a0\u00bb#ffffff\u00a0\u00bb mpc_button__hover_border_css=\u00a0\u00bbborder-width:2px;border-color:#009cad;border-style:solid;border-radius:2px;\u00a0\u00bb]Nous avons cr\u00e9\u00e9 cette pr\u00e9sentation interactive pour l&rsquo;Alliance qui pr\u00e9sentait son agenda mondial au forum \u00e9conomique de Davos.[\/mpc_callout][\/vc_column_inner][vc_column_inner width=\u00a0\u00bb1\/3&Prime;][\/vc_column_inner][\/vc_row_inner][\/vc_column][\/vc_row][vc_row text_align=\u00a0\u00bbcenter\u00a0\u00bb][vc_column alignment=\u00a0\u00bbcenter\u00a0\u00bb][kleo_gap size=\u00a0\u00bb25px\u00a0\u00bb][vc_custom_heading text=\u00a0\u00bbOBTENEZ UN DEVIS\u00a0\u00bb font_container=\u00a0\u00bbtag:h2|text_align:center\u00a0\u00bb use_theme_fonts=\u00a0\u00bbyes\u00a0\u00bb letter_spacing=\u00a0\u00bb\u00a0\u00bb][vc_separator color=\u00a0\u00bbcustom\u00a0\u00bb accent_color=\u00a0\u00bb#009cad\u00a0\u00bb]<p class=\"wpcf7-contact-form-not-found\"><strong>Erreur\u00a0:<\/strong> Formulaire de contact non trouv\u00e9\u00a0!<\/p>[\/vc_column][\/vc_row]<\/p>\n","protected":false},"excerpt":{"rendered":"<p>[vc_row][vc_column width=\u00a0\u00bb1\/2&Prime;][kleo_gap size=\u00a0\u00bb110px\u00a0\u00bb][vc_custom_heading text=\u00a0\u00bbAGENCES DIGITALES\u00a0\u00bb font_container=\u00a0\u00bbtag:h2|font_size:75px|text_align:right|line_height:80px\u00a0\u00bb google_fonts=\u00a0\u00bbfont_family:Lato%3A100%2C100italic%2C300%2C300italic%2Cregular%2Citalic%2C700%2C700italic%2C900%2C900italic|font_style:900%20bold%20regular%3A900%3Anormal\u00a0\u00bb letter_spacing=\u00a0\u00bb\u00a0\u00bb][kleo_gap size=\u00a0\u00bb14px\u00a0\u00bb][vc_separator color=\u00a0\u00bbcustom\u00a0\u00bb align=\u00a0\u00bbalign_right\u00a0\u00bb el_width=\u00a0\u00bb60&Prime; accent_color=\u00a0\u00bb#009cad\u00a0\u00bb][vc_column_text letter_spacing=\u00a0\u00bb\u00a0\u00bb css=\u00a0\u00bb.vc_custom_1473339478060{padding-top: -10px !important;}\u00a0\u00bb] Nous sommes tous satur\u00e9s de contenus que nous recevons quotidiennement sur nos portables. Dans le m\u00eame temps, il n&rsquo;y a jamais eu autant d&rsquo;outils pour communiquer avec le public. Pour l&rsquo;atteindre, vous avez besoin d&rsquo;un outil polyvalent qui transmettra votre message partout. [\/vc_column_text][\/vc_column][vc_column [&hellip;]<\/p>\n","protected":false},"author":2,"featured_media":0,"parent":0,"menu_order":0,"comment_status":"closed","ping_status":"closed","template":"","meta":{"footnotes":""},"class_list":["post-7998","page","type-page","status-publish","hentry"],"_links":{"self":[{"href":"https:\/\/app.racontr.com\/fr\/wp-json\/wp\/v2\/pages\/7998","targetHints":{"allow":["GET"]}}],"collection":[{"href":"https:\/\/app.racontr.com\/fr\/wp-json\/wp\/v2\/pages"}],"about":[{"href":"https:\/\/app.racontr.com\/fr\/wp-json\/wp\/v2\/types\/page"}],"author":[{"embeddable":true,"href":"https:\/\/app.racontr.com\/fr\/wp-json\/wp\/v2\/users\/2"}],"replies":[{"embeddable":true,"href":"https:\/\/app.racontr.com\/fr\/wp-json\/wp\/v2\/comments?post=7998"}],"version-history":[{"count":0,"href":"https:\/\/app.racontr.com\/fr\/wp-json\/wp\/v2\/pages\/7998\/revisions"}],"wp:attachment":[{"href":"https:\/\/app.racontr.com\/fr\/wp-json\/wp\/v2\/media?parent=7998"}],"curies":[{"name":"wp","href":"https:\/\/api.w.org\/{rel}","templated":true}]}}